{"id":4267,"date":"2025-08-01T11:45:14","date_gmt":"2025-08-01T08:45:14","guid":{"rendered":"https:\/\/sandstromtransport.medialuotsidemot.fi\/kontaktuppgifter\/"},"modified":"2026-01-22T13:50:40","modified_gmt":"2026-01-22T11:50:40","slug":"kontaktuppgifter","status":"publish","type":"page","link":"https:\/\/sandstromtransport.medialuotsidemot.fi\/sv\/kontaktuppgifter\/","title":{"rendered":"Kontaktuppgifter"},"content":{"rendered":"\r\n\r\n<section class=\"hero site-banner banner-bg-image section-default default alignfull image\">\r\n\r\n    <div class=\"site-banner-bg section-bg-image \" >\r\n\r\n        <img loading=\"lazy\" decoding=\"async\" width=\"2560\" height=\"1705\" src=\"https:\/\/sandstromtransport.medialuotsidemot.fi\/wp-content\/uploads\/2025\/11\/shutterstock-2113396577-scaled.jpg\" class=\"attachment-1536\u00d71536 size-1536\u00d71536\" alt=\"\" srcset=\"https:\/\/sandstromtransport.medialuotsidemot.fi\/wp-content\/uploads\/2025\/11\/shutterstock-2113396577-scaled.jpg 2560w, https:\/\/sandstromtransport.medialuotsidemot.fi\/wp-content\/uploads\/2025\/11\/shutterstock-2113396577-300x200.jpg 300w, https:\/\/sandstromtransport.medialuotsidemot.fi\/wp-content\/uploads\/2025\/11\/shutterstock-2113396577-1024x682.jpg 1024w, https:\/\/sandstromtransport.medialuotsidemot.fi\/wp-content\/uploads\/2025\/11\/shutterstock-2113396577-768x512.jpg 768w, https:\/\/sandstromtransport.medialuotsidemot.fi\/wp-content\/uploads\/2025\/11\/shutterstock-2113396577-1536x1023.jpg 1536w, https:\/\/sandstromtransport.medialuotsidemot.fi\/wp-content\/uploads\/2025\/11\/shutterstock-2113396577-2048x1364.jpg 2048w\" sizes=\"auto, (max-width: 2560px) 100vw, 2560px\" \/>\r\n        \r\n            <div class=\"site-banner-content container\">\r\n                <div class=\"row w-100\">\r\n                    <div class=\"col-md-12\">\r\n\r\n                        <h1 class=\"hero-title\">Kontaktuppgifter<\/h1><div class=\"inner-content\">\r\n                            <div class=\"acf-innerblocks-container\"><\/div>\r\n                        <\/div>                    <\/div>\r\n                <\/div>\r\n            <\/div>\r\n        \r\n        <\/div><\/section>\n\n\n<div class=\"wp-block-columns is-style-narrow is-layout-flex wp-container-core-columns-is-layout-9d6595d7 wp-block-columns-is-layout-flex\">\n<div class=\"wp-block-column is-layout-flow wp-block-column-is-layout-flow\" style=\"flex-basis:100%\">\n<h2 class=\"wp-block-heading has-text-align-center\">Kontakta oss<\/h2>\n\n\n\n<p class=\"has-text-align-center\">Fr\u00e5ga mer om v\u00e5ra tj\u00e4nster och tidtabeller genom att ringa eller skicka e-post. Hos oss f\u00e5r du snabbt en offert p\u00e5 transporttj\u00e4nster.<\/p>\n\n\n\n<p class=\"has-text-align-center\"><strong>Sandstr\u00f6m Transport Ab Oy<\/strong>&nbsp;<\/p>\n\n\n\n<p class=\"has-text-align-center\">Ruckusv\u00e4gen 15&nbsp;<\/p>\n\n\n\n<p class=\"has-text-align-center\">66850 Jepua&nbsp;&nbsp;<\/p>\n\n\n\n<p class=\"has-text-align-center\"><strong>Kim Sandstr\u00f6m<\/strong>&nbsp;&nbsp;<\/p>\n\n\n\n<p class=\"has-text-align-center\">Tel: 050 383 0819\u00a0<\/p>\n\n\n\n<p class=\"has-text-align-center\">kim.sandstrom@hotmail.com&nbsp;<\/p>\n<\/div>\n<\/div>\n","protected":false},"excerpt":{"rendered":"<p>Kontakta oss Fr\u00e5ga mer om v\u00e5ra tj\u00e4nster och tidtabeller genom att ringa eller skicka e-post. Hos oss f\u00e5r du snabbt en offert p\u00e5 transporttj\u00e4nster. Sandstr\u00f6m Transport Ab Oy&nbsp; Ruckusv\u00e4gen 15&nbsp; 66850 Jepua&nbsp;&nbsp; Kim Sandstr\u00f6m&nbsp;&nbsp; Tel: 050 383 0819\u00a0 kim.sandstrom@hotmail.com&nbsp;<\/p>\n","protected":false},"author":1,"featured_media":0,"parent":0,"menu_order":10,"comment_status":"closed","ping_status":"closed","template":"","meta":{"_acf_changed":false,"footnotes":""},"class_list":["post-4267","page","type-page","status-publish","hentry"],"acf":[],"aioseo_notices":[],"_links":{"self":[{"href":"https:\/\/sandstromtransport.medialuotsidemot.fi\/sv\/wp-json\/wp\/v2\/pages\/4267","targetHints":{"allow":["GET"]}}],"collection":[{"href":"https:\/\/sandstromtransport.medialuotsidemot.fi\/sv\/wp-json\/wp\/v2\/pages"}],"about":[{"href":"https:\/\/sandstromtransport.medialuotsidemot.fi\/sv\/wp-json\/wp\/v2\/types\/page"}],"author":[{"embeddable":true,"href":"https:\/\/sandstromtransport.medialuotsidemot.fi\/sv\/wp-json\/wp\/v2\/users\/1"}],"replies":[{"embeddable":true,"href":"https:\/\/sandstromtransport.medialuotsidemot.fi\/sv\/wp-json\/wp\/v2\/comments?post=4267"}],"version-history":[{"count":1,"href":"https:\/\/sandstromtransport.medialuotsidemot.fi\/sv\/wp-json\/wp\/v2\/pages\/4267\/revisions"}],"predecessor-version":[{"id":4276,"href":"https:\/\/sandstromtransport.medialuotsidemot.fi\/sv\/wp-json\/wp\/v2\/pages\/4267\/revisions\/4276"}],"wp:attachment":[{"href":"https:\/\/sandstromtransport.medialuotsidemot.fi\/sv\/wp-json\/wp\/v2\/media?parent=4267"}],"curies":[{"name":"wp","href":"https:\/\/api.w.org\/{rel}","templated":true}]}}